{"id":9454,"date":"2023-05-17T02:39:59","date_gmt":"2023-05-17T02:39:59","guid":{"rendered":"https:\/\/gdsexbay.com\/politique-de-confidentialite\/"},"modified":"2023-08-22T01:33:31","modified_gmt":"2023-08-22T01:33:31","slug":"politique-de-confidentialite","status":"publish","type":"page","link":"https:\/\/gdsexbay.com\/fr\/politique-de-confidentialite\/","title":{"rendered":"Politique de confidentialit\u00e9"},"content":{"rendered":"<style><\/style>\t\t<div data-elementor-type=\"wp-page\" data-elementor-id=\"9454\" class=\"elementor elementor-9454 elementor-5348\" data-elementor-post-type=\"page\">\n\t\t\t\t\t\t<section class=\"elementor-section elementor-top-section elementor-element elementor-element-024ea3b elementor-section-boxed elementor-section-height-default elementor-section-height-default\" data-id=\"024ea3b\" data-element_type=\"section\">\n\t\t\t\t\t\t<div class=\"elementor-container elementor-column-gap-default\">\n\t\t\t\t\t<div class=\"elementor-column elementor-col-100 elementor-top-column elementor-element elementor-element-89b581b\" data-id=\"89b581b\" data-element_type=\"column\">\n\t\t\t<div class=\"elementor-widget-wrap\">\n\t\t\t\t\t\t\t<\/div>\n\t\t<\/div>\n\t\t\t\t\t<\/div>\n\t\t<\/section>\n\t\t\t\t<section class=\"elementor-section elementor-top-section elementor-element elementor-element-597543a elementor-section-boxed elementor-section-height-default elementor-section-height-default\" data-id=\"597543a\" data-element_type=\"section\">\n\t\t\t\t\t\t<div class=\"elementor-container elementor-column-gap-default\">\n\t\t\t\t\t<div class=\"elementor-column elementor-col-100 elementor-top-column elementor-element elementor-element-2d5c391\" data-id=\"2d5c391\" data-element_type=\"column\">\n\t\t\t<div class=\"elementor-widget-wrap elementor-element-populated\">\n\t\t\t\t\t\t<div class=\"elementor-element elementor-element-258c28a elementor-widget elementor-widget-text-editor\" data-id=\"258c28a\" data-element_type=\"widget\" data-widget_type=\"text-editor.default\">\n\t\t\t\t<div class=\"elementor-widget-container\">\n\t\t\t\t\t\t\t\t\t<p>La pr\u00e9sente politique de confidentialit\u00e9 d\u00e9crit la mani\u00e8re dont vos informations personnelles sont collect\u00e9es, utilis\u00e9es et partag\u00e9es lorsque vous visitez ou effectuez un achat sur https:\/\/gdsexbay.com\/ (le \u00ab\u00a0Site\u00a0\u00bb).<\/p>\n<p>LES INFORMATIONS PERSONNELLES QUE NOUS RECUEILLONS<br \/>Lorsque vous visitez le site, nous recueillons automatiquement certaines informations sur votre appareil, notamment sur votre navigateur web, votre adresse IP, votre fuseau horaire et certains des cookies install\u00e9s sur votre appareil. En outre, lorsque vous naviguez sur le site, nous recueillons des informations sur les pages web ou les produits que vous consultez, sur les sites web ou les termes de recherche qui vous ont renvoy\u00e9 sur le site, ainsi que des informations sur la mani\u00e8re dont vous interagissez avec le site. Ces informations collect\u00e9es automatiquement sont appel\u00e9es \u00ab\u00a0informations sur l&rsquo;appareil\u00a0\u00bb.<\/p>\n<p>Nous recueillons des informations sur les appareils \u00e0 l&rsquo;aide des technologies suivantes :<br \/>&#8211; Les \u00ab\u00a0cookies\u00a0\u00bb sont des fichiers de donn\u00e9es qui sont plac\u00e9s sur votre appareil ou votre ordinateur et qui comprennent souvent un identifiant unique anonyme. Pour plus d&rsquo;informations sur les cookies et sur la mani\u00e8re de les d\u00e9sactiver.<br \/>&#8211; Les \u00ab\u00a0fichiers journaux\u00a0\u00bb suivent les actions effectu\u00e9es sur le site et recueillent des donn\u00e9es telles que votre adresse IP, votre type de navigateur, votre fournisseur d&rsquo;acc\u00e8s \u00e0 Internet, les pages de renvoi et de sortie, ainsi que les horodatages.<br \/>&#8211; Les \u00ab\u00a0balises web\u00a0\u00bb, les \u00ab\u00a0tags\u00a0\u00bb et les \u00ab\u00a0pixels\u00a0\u00bb sont des fichiers \u00e9lectroniques utilis\u00e9s pour enregistrer des informations sur la fa\u00e7on dont vous naviguez sur le site.<\/p>\n<p>En outre, lorsque vous effectuez ou tentez d&rsquo;effectuer un achat sur le site, nous recueillons certaines informations vous concernant, notamment votre nom, votre adresse de facturation, votre adresse de livraison, vos informations de paiement (y compris les num\u00e9ros de carte de cr\u00e9dit), votre adresse \u00e9lectronique et votre num\u00e9ro de t\u00e9l\u00e9phone. Nous appelons ces informations \u00ab\u00a0informations relatives \u00e0 la commande\u00a0\u00bb.<\/p>\n<p>Lorsque nous parlons d'\u00a0\u00bbinformations personnelles\u00a0\u00bb dans la pr\u00e9sente politique de confidentialit\u00e9, nous parlons \u00e0 la fois des informations relatives \u00e0 l&rsquo;appareil et des informations relatives \u00e0 la commande.<\/p>\n<p>COMMENT UTILISONS-NOUS VOS INFORMATIONS PERSONNELLES ?<br \/>Nous utilisons les informations relatives aux commandes que nous recueillons g\u00e9n\u00e9ralement pour honorer les commandes pass\u00e9es par l&rsquo;interm\u00e9diaire du site (y compris le traitement de vos informations de paiement, l&rsquo;organisation de l&rsquo;exp\u00e9dition et l&rsquo;envoi de factures et\/ou de confirmations de commande). En outre, nous utilisons ces informations pour :<br \/>&#8211; Communiquer avec vous ;<br \/>&#8211; examiner nos commandes pour d\u00e9tecter les risques potentiels ou les fraudes ; et<br \/>&#8211; Conform\u00e9ment aux pr\u00e9f\u00e9rences que vous avez partag\u00e9es avec nous, vous fournir des informations ou de la publicit\u00e9 concernant nos produits ou services.<\/p>\n<p>Nous utilisons les informations relatives \u00e0 l&rsquo;appareil que nous recueillons pour nous aider \u00e0 d\u00e9tecter les risques et les fraudes potentiels (en particulier, votre adresse IP) et, plus g\u00e9n\u00e9ralement, pour am\u00e9liorer et optimiser notre site (par exemple, en g\u00e9n\u00e9rant des analyses sur la mani\u00e8re dont nos clients naviguent et interagissent avec le site, et pour \u00e9valuer le succ\u00e8s de nos campagnes de marketing et de publicit\u00e9).<\/p>\n<p>Enfin, nous pouvons \u00e9galement partager vos informations personnelles pour nous conformer aux lois et r\u00e9glementations applicables, pour r\u00e9pondre \u00e0 une citation \u00e0 compara\u00eetre, \u00e0 un mandat de perquisition ou \u00e0 toute autre demande l\u00e9gale d&rsquo;informations que nous recevons, ou pour prot\u00e9ger nos droits de toute autre mani\u00e8re.<\/p>\n<p>LA PUBLICIT\u00c9 COMPORTEMENTALE<br \/>Comme d\u00e9crit ci-dessus, nous utilisons vos informations personnelles pour vous fournir des publicit\u00e9s cibl\u00e9es ou des communications marketing que nous pensons susceptibles de vous int\u00e9resser. Pour plus d&rsquo;informations sur le fonctionnement de la publicit\u00e9 cibl\u00e9e, vous pouvez consulter la page \u00e9ducative de la Network Advertising Initiative (\u00ab\u00a0NAI\u00a0\u00bb) \u00e0 l&rsquo;adresse suivante : http:\/\/www.networkadvertising.org\/understanding-online-advertising\/how-does-it-work.<\/p>\n<p>NE PAS SUIVRE<br \/>Veuillez noter que nous ne modifions pas les pratiques de collecte et d&rsquo;utilisation des donn\u00e9es de notre site lorsque nous recevons un signal \u00ab\u00a0Do Not Track\u00a0\u00bb de votre navigateur.<\/p>\n<p>VOS DROITS<br \/>Si vous \u00eates r\u00e9sident europ\u00e9en, vous avez le droit d&rsquo;acc\u00e9der aux informations personnelles que nous d\u00e9tenons \u00e0 votre sujet et de demander qu&rsquo;elles soient corrig\u00e9es, mises \u00e0 jour ou supprim\u00e9es. Si vous souhaitez exercer ce droit, veuillez nous contacter en utilisant les coordonn\u00e9es ci-dessous.<\/p>\n<p>En outre, si vous \u00eates un r\u00e9sident europ\u00e9en, nous notons que nous traitons vos informations afin d&rsquo;ex\u00e9cuter les contrats que nous pourrions avoir avec vous (par exemple si vous passez une commande par l&rsquo;interm\u00e9diaire du site), ou autrement pour poursuivre nos int\u00e9r\u00eats commerciaux l\u00e9gitimes \u00e9num\u00e9r\u00e9s ci-dessus. En outre, veuillez noter que vos informations seront transf\u00e9r\u00e9es en dehors de l&rsquo;Europe, y compris au Canada et aux \u00c9tats-Unis.<\/p>\n<p>CONSERVATION DES DONN\u00c9ES<br \/>Lorsque vous passez une commande sur le site, nous conservons les informations relatives \u00e0 votre commande dans nos dossiers, \u00e0 moins que vous ne nous demandiez de supprimer ces informations.<\/p>\n\t\t\t\t\t\t\t\t<\/div>\n\t\t\t\t<\/div>\n\t\t\t\t\t<\/div>\n\t\t<\/div>\n\t\t\t\t\t<\/div>\n\t\t<\/section>\n\t\t\t\t<\/div>\n\t\t","protected":false},"excerpt":{"rendered":"<p>La pr\u00e9sente politique de confidentialit\u00e9 d\u00e9crit la mani\u00e8re dont vos informations personnelles sont collect\u00e9es, utilis\u00e9es et partag\u00e9es lorsque vous visitez ou effectuez un achat sur https:\/\/gdsexbay.com\/ (le \u00ab\u00a0Site\u00a0\u00bb). LES INFORMATIONS PERSONNELLES QUE NOUS RECUEILLONSLorsque vous visitez le site, nous recueillons automatiquement certaines informations sur votre appareil, notamment sur votre navigateur web, votre adresse IP, votre [&hellip;]<\/p>\n","protected":false},"author":2,"featured_media":0,"parent":0,"menu_order":0,"comment_status":"closed","ping_status":"closed","template":"","meta":{"footnotes":""},"class_list":["post-9454","page","type-page","status-publish","hentry"],"yoast_head":"<!-- This site is optimized with the Yoast SEO Premium plugin v20.2.1 (Yoast SEO v23.1) - https:\/\/yoast.com\/wordpress\/plugins\/seo\/ -->\n<title>Politique de confidentialit\u00e9 - Guangzhou Sexbay Industrial Co., Ltd.<\/title>\n<meta name=\"robots\" content=\"index, follow, max-snippet:-1, max-image-preview:large, max-video-preview:-1\" \/>\n<link rel=\"canonical\" href=\"https:\/\/gdsexbay.com\/fr\/politique-de-confidentialite\/\" \/>\n<meta property=\"og:locale\" content=\"fr_FR\" \/>\n<meta property=\"og:type\" content=\"article\" \/>\n<meta property=\"og:title\" content=\"Politique de confidentialit\u00e9\" \/>\n<meta property=\"og:description\" content=\"La pr\u00e9sente politique de confidentialit\u00e9 d\u00e9crit la mani\u00e8re dont vos informations personnelles sont collect\u00e9es, utilis\u00e9es et partag\u00e9es lorsque vous visitez ou effectuez un achat sur https:\/\/gdsexbay.com\/ (le \u00ab\u00a0Site\u00a0\u00bb). LES INFORMATIONS PERSONNELLES QUE NOUS RECUEILLONSLorsque vous visitez le site, nous recueillons automatiquement certaines informations sur votre appareil, notamment sur votre navigateur web, votre adresse IP, votre [&hellip;]\" \/>\n<meta property=\"og:url\" content=\"https:\/\/gdsexbay.com\/fr\/politique-de-confidentialite\/\" \/>\n<meta property=\"og:site_name\" content=\"Guangzhou Sexbay Industrial Co., Ltd.\" \/>\n<meta property=\"article:modified_time\" content=\"2023-08-22T01:33:31+00:00\" \/>\n<meta name=\"twitter:card\" content=\"summary_large_image\" \/>\n<meta name=\"twitter:label1\" content=\"Dur\u00e9e de lecture estim\u00e9e\" \/>\n\t<meta name=\"twitter:data1\" content=\"4 minutes\" \/>\n<script type=\"application\/ld+json\" class=\"yoast-schema-graph\">{\"@context\":\"https:\/\/schema.org\",\"@graph\":[{\"@type\":\"WebPage\",\"@id\":\"https:\/\/gdsexbay.com\/fr\/politique-de-confidentialite\/\",\"url\":\"https:\/\/gdsexbay.com\/fr\/politique-de-confidentialite\/\",\"name\":\"Politique de confidentialit\u00e9 - Guangzhou Sexbay Industrial Co., Ltd.\",\"isPartOf\":{\"@id\":\"https:\/\/gdsexbay.com\/fr\/#website\"},\"datePublished\":\"2023-05-17T02:39:59+00:00\",\"dateModified\":\"2023-08-22T01:33:31+00:00\",\"breadcrumb\":{\"@id\":\"https:\/\/gdsexbay.com\/fr\/politique-de-confidentialite\/#breadcrumb\"},\"inLanguage\":\"fr-FR\",\"potentialAction\":[{\"@type\":\"ReadAction\",\"target\":[\"https:\/\/gdsexbay.com\/fr\/politique-de-confidentialite\/\"]}]},{\"@type\":\"BreadcrumbList\",\"@id\":\"https:\/\/gdsexbay.com\/fr\/politique-de-confidentialite\/#breadcrumb\",\"itemListElement\":[{\"@type\":\"ListItem\",\"position\":1,\"name\":\"Home\",\"item\":\"https:\/\/gdsexbay.com\/fr\/\"},{\"@type\":\"ListItem\",\"position\":2,\"name\":\"Politique de confidentialit\u00e9\"}]},{\"@type\":\"WebSite\",\"@id\":\"https:\/\/gdsexbay.com\/fr\/#website\",\"url\":\"https:\/\/gdsexbay.com\/fr\/\",\"name\":\"Guangzhou Sexbay Industrial Co., Ltd.\",\"description\":\"Professional Manufacturer Of Sex Toys\",\"publisher\":{\"@id\":\"https:\/\/gdsexbay.com\/fr\/#organization\"},\"potentialAction\":[{\"@type\":\"SearchAction\",\"target\":{\"@type\":\"EntryPoint\",\"urlTemplate\":\"https:\/\/gdsexbay.com\/fr\/?s={search_term_string}\"},\"query-input\":\"required name=search_term_string\"}],\"inLanguage\":\"fr-FR\"},{\"@type\":\"Organization\",\"@id\":\"https:\/\/gdsexbay.com\/fr\/#organization\",\"name\":\"Guangzhou Sexbay Industrial Co., Ltd.\",\"url\":\"https:\/\/gdsexbay.com\/fr\/\",\"logo\":{\"@type\":\"ImageObject\",\"inLanguage\":\"fr-FR\",\"@id\":\"https:\/\/gdsexbay.com\/fr\/#\/schema\/logo\/image\/\",\"url\":\"https:\/\/gdsexbay.com\/wp-content\/uploads\/2023\/04\/cropped-512.png\",\"contentUrl\":\"https:\/\/gdsexbay.com\/wp-content\/uploads\/2023\/04\/cropped-512.png\",\"width\":512,\"height\":512,\"caption\":\"Guangzhou Sexbay Industrial Co., Ltd.\"},\"image\":{\"@id\":\"https:\/\/gdsexbay.com\/fr\/#\/schema\/logo\/image\/\"}}]}<\/script>\n<!-- \/ Yoast SEO Premium plugin. -->","yoast_head_json":{"title":"Politique de confidentialit\u00e9 - Guangzhou Sexbay Industrial Co., Ltd.","robots":{"index":"index","follow":"follow","max-snippet":"max-snippet:-1","max-image-preview":"max-image-preview:large","max-video-preview":"max-video-preview:-1"},"canonical":"https:\/\/gdsexbay.com\/fr\/politique-de-confidentialite\/","og_locale":"fr_FR","og_type":"article","og_title":"Politique de confidentialit\u00e9","og_description":"La pr\u00e9sente politique de confidentialit\u00e9 d\u00e9crit la mani\u00e8re dont vos informations personnelles sont collect\u00e9es, utilis\u00e9es et partag\u00e9es lorsque vous visitez ou effectuez un achat sur https:\/\/gdsexbay.com\/ (le \u00ab\u00a0Site\u00a0\u00bb). LES INFORMATIONS PERSONNELLES QUE NOUS RECUEILLONSLorsque vous visitez le site, nous recueillons automatiquement certaines informations sur votre appareil, notamment sur votre navigateur web, votre adresse IP, votre [&hellip;]","og_url":"https:\/\/gdsexbay.com\/fr\/politique-de-confidentialite\/","og_site_name":"Guangzhou Sexbay Industrial Co., Ltd.","article_modified_time":"2023-08-22T01:33:31+00:00","twitter_card":"summary_large_image","twitter_misc":{"Dur\u00e9e de lecture estim\u00e9e":"4 minutes"},"schema":{"@context":"https:\/\/schema.org","@graph":[{"@type":"WebPage","@id":"https:\/\/gdsexbay.com\/fr\/politique-de-confidentialite\/","url":"https:\/\/gdsexbay.com\/fr\/politique-de-confidentialite\/","name":"Politique de confidentialit\u00e9 - Guangzhou Sexbay Industrial Co., Ltd.","isPartOf":{"@id":"https:\/\/gdsexbay.com\/fr\/#website"},"datePublished":"2023-05-17T02:39:59+00:00","dateModified":"2023-08-22T01:33:31+00:00","breadcrumb":{"@id":"https:\/\/gdsexbay.com\/fr\/politique-de-confidentialite\/#breadcrumb"},"inLanguage":"fr-FR","potentialAction":[{"@type":"ReadAction","target":["https:\/\/gdsexbay.com\/fr\/politique-de-confidentialite\/"]}]},{"@type":"BreadcrumbList","@id":"https:\/\/gdsexbay.com\/fr\/politique-de-confidentialite\/#breadcrumb","itemListElement":[{"@type":"ListItem","position":1,"name":"Home","item":"https:\/\/gdsexbay.com\/fr\/"},{"@type":"ListItem","position":2,"name":"Politique de confidentialit\u00e9"}]},{"@type":"WebSite","@id":"https:\/\/gdsexbay.com\/fr\/#website","url":"https:\/\/gdsexbay.com\/fr\/","name":"Guangzhou Sexbay Industrial Co., Ltd.","description":"Professional Manufacturer Of Sex Toys","publisher":{"@id":"https:\/\/gdsexbay.com\/fr\/#organization"},"potentialAction":[{"@type":"SearchAction","target":{"@type":"EntryPoint","urlTemplate":"https:\/\/gdsexbay.com\/fr\/?s={search_term_string}"},"query-input":"required name=search_term_string"}],"inLanguage":"fr-FR"},{"@type":"Organization","@id":"https:\/\/gdsexbay.com\/fr\/#organization","name":"Guangzhou Sexbay Industrial Co., Ltd.","url":"https:\/\/gdsexbay.com\/fr\/","logo":{"@type":"ImageObject","inLanguage":"fr-FR","@id":"https:\/\/gdsexbay.com\/fr\/#\/schema\/logo\/image\/","url":"https:\/\/gdsexbay.com\/wp-content\/uploads\/2023\/04\/cropped-512.png","contentUrl":"https:\/\/gdsexbay.com\/wp-content\/uploads\/2023\/04\/cropped-512.png","width":512,"height":512,"caption":"Guangzhou Sexbay Industrial Co., Ltd."},"image":{"@id":"https:\/\/gdsexbay.com\/fr\/#\/schema\/logo\/image\/"}}]}},"_links":{"self":[{"href":"https:\/\/gdsexbay.com\/fr\/wp-json\/wp\/v2\/pages\/9454","targetHints":{"allow":["GET"]}}],"collection":[{"href":"https:\/\/gdsexbay.com\/fr\/wp-json\/wp\/v2\/pages"}],"about":[{"href":"https:\/\/gdsexbay.com\/fr\/wp-json\/wp\/v2\/types\/page"}],"author":[{"embeddable":true,"href":"https:\/\/gdsexbay.com\/fr\/wp-json\/wp\/v2\/users\/2"}],"replies":[{"embeddable":true,"href":"https:\/\/gdsexbay.com\/fr\/wp-json\/wp\/v2\/comments?post=9454"}],"version-history":[{"count":0,"href":"https:\/\/gdsexbay.com\/fr\/wp-json\/wp\/v2\/pages\/9454\/revisions"}],"wp:attachment":[{"href":"https:\/\/gdsexbay.com\/fr\/wp-json\/wp\/v2\/media?parent=9454"}],"curies":[{"name":"wp","href":"https:\/\/api.w.org\/{rel}","templated":true}]}}