{"id":9410,"date":"2023-05-17T02:39:59","date_gmt":"2023-05-17T02:39:59","guid":{"rendered":"https:\/\/gdsexbay.com\/politica-de-privacidad\/"},"modified":"2023-08-22T01:33:31","modified_gmt":"2023-08-22T01:33:31","slug":"politica-de-privacidad","status":"publish","type":"page","link":"https:\/\/gdsexbay.com\/es\/politica-de-privacidad\/","title":{"rendered":"Pol\u00edtica de privacidad"},"content":{"rendered":"<style><\/style>\t\t<div data-elementor-type=\"wp-page\" data-elementor-id=\"9410\" class=\"elementor elementor-9410 elementor-5348\" data-elementor-post-type=\"page\">\n\t\t\t\t\t\t<section class=\"elementor-section elementor-top-section elementor-element elementor-element-024ea3b elementor-section-boxed elementor-section-height-default elementor-section-height-default\" data-id=\"024ea3b\" data-element_type=\"section\">\n\t\t\t\t\t\t<div class=\"elementor-container elementor-column-gap-default\">\n\t\t\t\t\t<div class=\"elementor-column elementor-col-100 elementor-top-column elementor-element elementor-element-89b581b\" data-id=\"89b581b\" data-element_type=\"column\">\n\t\t\t<div class=\"elementor-widget-wrap\">\n\t\t\t\t\t\t\t<\/div>\n\t\t<\/div>\n\t\t\t\t\t<\/div>\n\t\t<\/section>\n\t\t\t\t<section class=\"elementor-section elementor-top-section elementor-element elementor-element-597543a elementor-section-boxed elementor-section-height-default elementor-section-height-default\" data-id=\"597543a\" data-element_type=\"section\">\n\t\t\t\t\t\t<div class=\"elementor-container elementor-column-gap-default\">\n\t\t\t\t\t<div class=\"elementor-column elementor-col-100 elementor-top-column elementor-element elementor-element-2d5c391\" data-id=\"2d5c391\" data-element_type=\"column\">\n\t\t\t<div class=\"elementor-widget-wrap elementor-element-populated\">\n\t\t\t\t\t\t<div class=\"elementor-element elementor-element-258c28a elementor-widget elementor-widget-text-editor\" data-id=\"258c28a\" data-element_type=\"widget\" data-widget_type=\"text-editor.default\">\n\t\t\t\t<div class=\"elementor-widget-container\">\n\t\t\t\t\t\t\t\t\t<p>Esta Pol\u00edtica de privacidad describe c\u00f3mo se recopila, utiliza y comparte su informaci\u00f3n personal cuando visita o realiza una compra en https:\/\/gdsexbay.com\/ (el \u00abSitio\u00bb).<\/p>\n<p>INFORMACI\u00d3N PERSONAL QUE RECOPILAMOS<br \/>Cuando visita el Sitio, recopilamos autom\u00e1ticamente cierta informaci\u00f3n sobre su dispositivo, incluida informaci\u00f3n sobre su navegador web, direcci\u00f3n IP, zona horaria y algunas de las cookies que est\u00e1n instaladas en su dispositivo. Adem\u00e1s, a medida que navega por el sitio, recopilamos informaci\u00f3n sobre las p\u00e1ginas web o productos que visita, los sitios web o t\u00e9rminos de b\u00fasqueda que le han remitido al sitio y la forma en que interact\u00faa con el sitio. Nos referimos a esta informaci\u00f3n recopilada autom\u00e1ticamente como \u00abInformaci\u00f3n del dispositivo\u00bb.<\/p>\n<p>Recopilamos informaci\u00f3n sobre dispositivos utilizando las siguientes tecnolog\u00edas:<br \/>&#8211; Las \u00abcookies\u00bb son archivos de datos que se colocan en su dispositivo u ordenador y suelen incluir un identificador \u00fanico an\u00f3nimo. Para m\u00e1s informaci\u00f3n sobre las cookies y c\u00f3mo desactivarlas.<br \/>&#8211; Los \u00abarchivos de registro\u00bb rastrean las acciones que se producen en el sitio y recopilan datos como su direcci\u00f3n IP, tipo de navegador, proveedor de servicios de Internet, p\u00e1ginas de referencia\/salida y sellos de fecha\/hora.<br \/>&#8211; Las \u00abbalizas web\u00bb, \u00abetiquetas\u00bb y \u00abp\u00edxeles\u00bb son archivos electr\u00f3nicos que se utilizan para registrar informaci\u00f3n sobre c\u00f3mo navega por el Sitio.<\/p>\n<p>Adem\u00e1s, cuando realiza una compra o intenta realizarla a trav\u00e9s del Sitio, recopilamos determinada informaci\u00f3n sobre usted, como su nombre, direcci\u00f3n de facturaci\u00f3n, direcci\u00f3n de env\u00edo, informaci\u00f3n de pago (incluidos los n\u00fameros de las tarjetas de cr\u00e9dito), direcci\u00f3n de correo electr\u00f3nico y n\u00famero de tel\u00e9fono. Nos referimos a esta informaci\u00f3n como \u00abInformaci\u00f3n del pedido\u00bb.<\/p>\n<p>Cuando hablamos de \u00abDatos Personales\u00bb en esta Pol\u00edtica de Privacidad, nos referimos tanto a los Datos del Dispositivo como a los Datos del Pedido.<\/p>\n<p>\u00bfC\u00d3MO UTILIZAMOS SUS DATOS PERSONALES?<br \/>En general, utilizamos los Datos del pedido que recopilamos para tramitar cualquier pedido realizado a trav\u00e9s del Sitio (incluido el procesamiento de su informaci\u00f3n de pago, la organizaci\u00f3n del env\u00edo y el env\u00edo de facturas y\/o confirmaciones de pedido). Adem\u00e1s, utilizamos esta Informaci\u00f3n de Pedido para:<br \/>&#8211; Comunicarnos con usted;<br \/>&#8211; Examinar nuestros pedidos para detectar posibles riesgos o fraudes; y<br \/>&#8211; Cuando est\u00e9 en consonancia con las preferencias que haya compartido con nosotros, proporcionarle informaci\u00f3n o publicidad relacionada con nuestros productos o servicios.<\/p>\n<p>Utilizamos la Informaci\u00f3n del Dispositivo que recopilamos para ayudarnos a detectar posibles riesgos y fraudes (en particular, su direcci\u00f3n IP) y, de forma m\u00e1s general, para mejorar y optimizar nuestro Sitio (por ejemplo, generando an\u00e1lisis sobre c\u00f3mo nuestros clientes navegan e interact\u00faan con el Sitio, y para evaluar el \u00e9xito de nuestras campa\u00f1as de marketing y publicidad).<\/p>\n<p>Por \u00faltimo, tambi\u00e9n podemos compartir sus Datos Personales para cumplir las leyes y normativas aplicables, para responder a una citaci\u00f3n, orden de registro u otra solicitud legal de informaci\u00f3n que recibamos, o para proteger de otro modo nuestros derechos.<\/p>\n<p>PUBLICIDAD COMPORTAMENTAL<br \/>Como se ha descrito anteriormente, utilizamos sus Datos Personales para ofrecerle publicidad o comunicaciones de marketing espec\u00edficas que creemos que pueden ser de su inter\u00e9s. Para m\u00e1s informaci\u00f3n sobre c\u00f3mo funciona la publicidad dirigida, puede visitar la p\u00e1gina educativa de la Network Advertising Initiative (\u00abNAI\u00bb) en http:\/\/www.networkadvertising.org\/understanding-online-advertising\/how-does-it-work.<\/p>\n<p>NO SEGUIR<br \/>Tenga en cuenta que no alteramos las pr\u00e1cticas de recopilaci\u00f3n y uso de datos de nuestro Sitio cuando vemos una se\u00f1al Do Not Track de su navegador.<\/p>\n<p>SUS DERECHOS<br \/>Si usted es residente europeo, tiene derecho a acceder a la informaci\u00f3n personal que tenemos sobre usted y a solicitar que su informaci\u00f3n personal sea corregida, actualizada o eliminada. Si desea ejercer este derecho, p\u00f3ngase en contacto con nosotros a trav\u00e9s de los datos que figuran a continuaci\u00f3n.<\/p>\n<p>Adem\u00e1s, si usted es residente europeo, le informamos de que procesamos su informaci\u00f3n para cumplir los contratos que podamos tener con usted (por ejemplo, si realiza un pedido a trav\u00e9s del Sitio), o para perseguir nuestros intereses comerciales leg\u00edtimos enumerados anteriormente. Adem\u00e1s, tenga en cuenta que su informaci\u00f3n se transferir\u00e1 fuera de Europa, incluso a Canad\u00e1 y Estados Unidos.<\/p>\n<p>CONSERVACI\u00d3N DE DATOS<br \/>Cuando realice un pedido a trav\u00e9s del Sitio, conservaremos la Informaci\u00f3n del pedido para nuestros registros, a menos que nos solicite que eliminemos dicha informaci\u00f3n y hasta que lo haga.<\/p>\n\t\t\t\t\t\t\t\t<\/div>\n\t\t\t\t<\/div>\n\t\t\t\t\t<\/div>\n\t\t<\/div>\n\t\t\t\t\t<\/div>\n\t\t<\/section>\n\t\t\t\t<\/div>\n\t\t","protected":false},"excerpt":{"rendered":"<p>Esta Pol\u00edtica de privacidad describe c\u00f3mo se recopila, utiliza y comparte su informaci\u00f3n personal cuando visita o realiza una compra en https:\/\/gdsexbay.com\/ (el \u00abSitio\u00bb). INFORMACI\u00d3N PERSONAL QUE RECOPILAMOSCuando visita el Sitio, recopilamos autom\u00e1ticamente cierta informaci\u00f3n sobre su dispositivo, incluida informaci\u00f3n sobre su navegador web, direcci\u00f3n IP, zona horaria y algunas de las cookies que est\u00e1n [&hellip;]<\/p>\n","protected":false},"author":2,"featured_media":0,"parent":0,"menu_order":0,"comment_status":"closed","ping_status":"closed","template":"","meta":{"footnotes":""},"class_list":["post-9410","page","type-page","status-publish","hentry"],"yoast_head":"<!-- This site is optimized with the Yoast SEO Premium plugin v20.2.1 (Yoast SEO v23.1) - https:\/\/yoast.com\/wordpress\/plugins\/seo\/ -->\n<title>Pol\u00edtica de privacidad - Guangzhou Sexbay Industrial Co., Ltd.<\/title>\n<meta name=\"robots\" content=\"index, follow, max-snippet:-1, max-image-preview:large, max-video-preview:-1\" \/>\n<link rel=\"canonical\" href=\"https:\/\/gdsexbay.com\/es\/politica-de-privacidad\/\" \/>\n<meta property=\"og:locale\" content=\"es_ES\" \/>\n<meta property=\"og:type\" content=\"article\" \/>\n<meta property=\"og:title\" content=\"Pol\u00edtica de privacidad\" \/>\n<meta property=\"og:description\" content=\"Esta Pol\u00edtica de privacidad describe c\u00f3mo se recopila, utiliza y comparte su informaci\u00f3n personal cuando visita o realiza una compra en https:\/\/gdsexbay.com\/ (el \u00abSitio\u00bb). INFORMACI\u00d3N PERSONAL QUE RECOPILAMOSCuando visita el Sitio, recopilamos autom\u00e1ticamente cierta informaci\u00f3n sobre su dispositivo, incluida informaci\u00f3n sobre su navegador web, direcci\u00f3n IP, zona horaria y algunas de las cookies que est\u00e1n [&hellip;]\" \/>\n<meta property=\"og:url\" content=\"https:\/\/gdsexbay.com\/es\/politica-de-privacidad\/\" \/>\n<meta property=\"og:site_name\" content=\"Guangzhou Sexbay Industrial Co., Ltd.\" \/>\n<meta property=\"article:modified_time\" content=\"2023-08-22T01:33:31+00:00\" \/>\n<meta name=\"twitter:card\" content=\"summary_large_image\" \/>\n<meta name=\"twitter:label1\" content=\"Tiempo de lectura\" \/>\n\t<meta name=\"twitter:data1\" content=\"4 minutos\" \/>\n<script type=\"application\/ld+json\" class=\"yoast-schema-graph\">{\"@context\":\"https:\/\/schema.org\",\"@graph\":[{\"@type\":\"WebPage\",\"@id\":\"https:\/\/gdsexbay.com\/es\/politica-de-privacidad\/\",\"url\":\"https:\/\/gdsexbay.com\/es\/politica-de-privacidad\/\",\"name\":\"Pol\u00edtica de privacidad - Guangzhou Sexbay Industrial Co., Ltd.\",\"isPartOf\":{\"@id\":\"https:\/\/gdsexbay.com\/es\/#website\"},\"datePublished\":\"2023-05-17T02:39:59+00:00\",\"dateModified\":\"2023-08-22T01:33:31+00:00\",\"breadcrumb\":{\"@id\":\"https:\/\/gdsexbay.com\/es\/politica-de-privacidad\/#breadcrumb\"},\"inLanguage\":\"es\",\"potentialAction\":[{\"@type\":\"ReadAction\",\"target\":[\"https:\/\/gdsexbay.com\/es\/politica-de-privacidad\/\"]}]},{\"@type\":\"BreadcrumbList\",\"@id\":\"https:\/\/gdsexbay.com\/es\/politica-de-privacidad\/#breadcrumb\",\"itemListElement\":[{\"@type\":\"ListItem\",\"position\":1,\"name\":\"Home\",\"item\":\"https:\/\/gdsexbay.com\/es\/\"},{\"@type\":\"ListItem\",\"position\":2,\"name\":\"Pol\u00edtica de privacidad\"}]},{\"@type\":\"WebSite\",\"@id\":\"https:\/\/gdsexbay.com\/es\/#website\",\"url\":\"https:\/\/gdsexbay.com\/es\/\",\"name\":\"Guangzhou Sexbay Industrial Co., Ltd.\",\"description\":\"Professional Manufacturer Of Sex Toys\",\"publisher\":{\"@id\":\"https:\/\/gdsexbay.com\/es\/#organization\"},\"potentialAction\":[{\"@type\":\"SearchAction\",\"target\":{\"@type\":\"EntryPoint\",\"urlTemplate\":\"https:\/\/gdsexbay.com\/es\/?s={search_term_string}\"},\"query-input\":\"required name=search_term_string\"}],\"inLanguage\":\"es\"},{\"@type\":\"Organization\",\"@id\":\"https:\/\/gdsexbay.com\/es\/#organization\",\"name\":\"Guangzhou Sexbay Industrial Co., Ltd.\",\"url\":\"https:\/\/gdsexbay.com\/es\/\",\"logo\":{\"@type\":\"ImageObject\",\"inLanguage\":\"es\",\"@id\":\"https:\/\/gdsexbay.com\/es\/#\/schema\/logo\/image\/\",\"url\":\"https:\/\/gdsexbay.com\/wp-content\/uploads\/2023\/04\/cropped-512.png\",\"contentUrl\":\"https:\/\/gdsexbay.com\/wp-content\/uploads\/2023\/04\/cropped-512.png\",\"width\":512,\"height\":512,\"caption\":\"Guangzhou Sexbay Industrial Co., Ltd.\"},\"image\":{\"@id\":\"https:\/\/gdsexbay.com\/es\/#\/schema\/logo\/image\/\"}}]}<\/script>\n<!-- \/ Yoast SEO Premium plugin. -->","yoast_head_json":{"title":"Pol\u00edtica de privacidad - Guangzhou Sexbay Industrial Co., Ltd.","robots":{"index":"index","follow":"follow","max-snippet":"max-snippet:-1","max-image-preview":"max-image-preview:large","max-video-preview":"max-video-preview:-1"},"canonical":"https:\/\/gdsexbay.com\/es\/politica-de-privacidad\/","og_locale":"es_ES","og_type":"article","og_title":"Pol\u00edtica de privacidad","og_description":"Esta Pol\u00edtica de privacidad describe c\u00f3mo se recopila, utiliza y comparte su informaci\u00f3n personal cuando visita o realiza una compra en https:\/\/gdsexbay.com\/ (el \u00abSitio\u00bb). INFORMACI\u00d3N PERSONAL QUE RECOPILAMOSCuando visita el Sitio, recopilamos autom\u00e1ticamente cierta informaci\u00f3n sobre su dispositivo, incluida informaci\u00f3n sobre su navegador web, direcci\u00f3n IP, zona horaria y algunas de las cookies que est\u00e1n [&hellip;]","og_url":"https:\/\/gdsexbay.com\/es\/politica-de-privacidad\/","og_site_name":"Guangzhou Sexbay Industrial Co., Ltd.","article_modified_time":"2023-08-22T01:33:31+00:00","twitter_card":"summary_large_image","twitter_misc":{"Tiempo de lectura":"4 minutos"},"schema":{"@context":"https:\/\/schema.org","@graph":[{"@type":"WebPage","@id":"https:\/\/gdsexbay.com\/es\/politica-de-privacidad\/","url":"https:\/\/gdsexbay.com\/es\/politica-de-privacidad\/","name":"Pol\u00edtica de privacidad - Guangzhou Sexbay Industrial Co., Ltd.","isPartOf":{"@id":"https:\/\/gdsexbay.com\/es\/#website"},"datePublished":"2023-05-17T02:39:59+00:00","dateModified":"2023-08-22T01:33:31+00:00","breadcrumb":{"@id":"https:\/\/gdsexbay.com\/es\/politica-de-privacidad\/#breadcrumb"},"inLanguage":"es","potentialAction":[{"@type":"ReadAction","target":["https:\/\/gdsexbay.com\/es\/politica-de-privacidad\/"]}]},{"@type":"BreadcrumbList","@id":"https:\/\/gdsexbay.com\/es\/politica-de-privacidad\/#breadcrumb","itemListElement":[{"@type":"ListItem","position":1,"name":"Home","item":"https:\/\/gdsexbay.com\/es\/"},{"@type":"ListItem","position":2,"name":"Pol\u00edtica de privacidad"}]},{"@type":"WebSite","@id":"https:\/\/gdsexbay.com\/es\/#website","url":"https:\/\/gdsexbay.com\/es\/","name":"Guangzhou Sexbay Industrial Co., Ltd.","description":"Professional Manufacturer Of Sex Toys","publisher":{"@id":"https:\/\/gdsexbay.com\/es\/#organization"},"potentialAction":[{"@type":"SearchAction","target":{"@type":"EntryPoint","urlTemplate":"https:\/\/gdsexbay.com\/es\/?s={search_term_string}"},"query-input":"required name=search_term_string"}],"inLanguage":"es"},{"@type":"Organization","@id":"https:\/\/gdsexbay.com\/es\/#organization","name":"Guangzhou Sexbay Industrial Co., Ltd.","url":"https:\/\/gdsexbay.com\/es\/","logo":{"@type":"ImageObject","inLanguage":"es","@id":"https:\/\/gdsexbay.com\/es\/#\/schema\/logo\/image\/","url":"https:\/\/gdsexbay.com\/wp-content\/uploads\/2023\/04\/cropped-512.png","contentUrl":"https:\/\/gdsexbay.com\/wp-content\/uploads\/2023\/04\/cropped-512.png","width":512,"height":512,"caption":"Guangzhou Sexbay Industrial Co., Ltd."},"image":{"@id":"https:\/\/gdsexbay.com\/es\/#\/schema\/logo\/image\/"}}]}},"_links":{"self":[{"href":"https:\/\/gdsexbay.com\/es\/wp-json\/wp\/v2\/pages\/9410","targetHints":{"allow":["GET"]}}],"collection":[{"href":"https:\/\/gdsexbay.com\/es\/wp-json\/wp\/v2\/pages"}],"about":[{"href":"https:\/\/gdsexbay.com\/es\/wp-json\/wp\/v2\/types\/page"}],"author":[{"embeddable":true,"href":"https:\/\/gdsexbay.com\/es\/wp-json\/wp\/v2\/users\/2"}],"replies":[{"embeddable":true,"href":"https:\/\/gdsexbay.com\/es\/wp-json\/wp\/v2\/comments?post=9410"}],"version-history":[{"count":0,"href":"https:\/\/gdsexbay.com\/es\/wp-json\/wp\/v2\/pages\/9410\/revisions"}],"wp:attachment":[{"href":"https:\/\/gdsexbay.com\/es\/wp-json\/wp\/v2\/media?parent=9410"}],"curies":[{"name":"wp","href":"https:\/\/api.w.org\/{rel}","templated":true}]}}